{"id":218,"date":"2020-05-12T03:43:04","date_gmt":"2020-05-12T03:43:04","guid":{"rendered":"https:\/\/allowit.com.py\/index.php\/about\/"},"modified":"2021-10-13T15:16:17","modified_gmt":"2021-10-13T15:16:17","slug":"about","status":"publish","type":"page","link":"https:\/\/allowit.com.py\/index.php\/about\/","title":{"rendered":"About"},"content":{"rendered":"\n<div class=\"wp-block-cover alignfull has-background-dim-70 has-background-dim has-parallax has-background-gradient\" style=\"background-image:url(https:\/\/allowit.com.py\/wp-content\/uploads\/2021\/08\/circuit-board-computer-processor-6524946.jpg);min-height:380px;aspect-ratio:unset;\"><span aria-hidden=\"true\" class=\"wp-block-cover__gradient-background\" style=\"background:linear-gradient(100deg,rgb(33,164,15) 58%,rgb(250,250,250) 100%)\"><\/span><div class=\"wp-block-cover__inner-container is-layout-flow wp-block-cover-is-layout-flow\">\n<h1 class=\"has-text-align-center has-white-color has-text-color wp-block-heading\">Sobre Nosotros<\/h1>\n<\/div><\/div>\n\n\n\n<div class=\"wp-block-group alignfull\"><div class=\"wp-block-group__inner-container is-layout-flow wp-block-group-is-layout-flow\">\n<div class=\"wp-block-columns is-layout-flex wp-container-core-columns-is-layout-9d6595d7 wp-block-columns-is-layout-flex\">\n<div class=\"wp-block-column is-layout-flow wp-block-column-is-layout-flow\">\n<h2 class=\"wp-block-heading\">Siempre listos<\/h2>\n<\/div>\n\n\n\n<div class=\"wp-block-column is-layout-flow wp-block-column-is-layout-flow\">\n<p><strong>Somos unas empresa paraguaya integrada por personas con vasta trayectoria en el mundo de servicios tecnol\u00f3gicos. <\/strong><\/p>\n\n\n\n<p><strong>Brindamos servicios de innovaci\u00f3n tecnol\u00f3gica. Lo hacemos mediante la integraci\u00f3n de profesionales alineados sobre nuestra filosof\u00eda de trabajo de calidad. Gestionamos los proyectos, dise\u00f1amos los procesos y facilitamos las herramientas tecnol\u00f3gicas necesarias para que el cliente cumpla con sus objetivos acompa\u00f1ados y soportados por nuestros servicios t\u00e9cnicos<\/strong>.<\/p>\n\n\n\n<p><\/p>\n\n\n\n<h3 class=\"wp-block-heading\">estamos a tu lado<\/h3>\n\n\n\n<p><\/p>\n<\/div>\n<\/div>\n<\/div><\/div>\n\n\n\n<div class=\"wp-block-group alignfull has-background\" style=\"background-color:#f3f9fb\"><div class=\"wp-block-group__inner-container is-layout-flow wp-block-group-is-layout-flow\">\n<div class=\"wp-block-columns is-layout-flex wp-container-core-columns-is-layout-9d6595d7 wp-block-columns-is-layout-flex\">\n<div class=\"wp-block-column is-layout-flow wp-block-column-is-layout-flow\">\n<h2 class=\"wp-block-heading\">Misi\u00f3n<\/h2>\n\n\n\n<p>Gestionar y solucionar temas tecnol\u00f3gicos del cliente, para el cumplimiento de sus objetivos de negocio.<\/p>\n<\/div>\n\n\n\n<div class=\"wp-block-column is-layout-flow wp-block-column-is-layout-flow\">\n<h2 class=\"wp-block-heading\">Visi\u00f3n<\/h2>\n\n\n\n<p>Ser referente principal de procesos y recursos tecnol\u00f3gicos del pa\u00eds<\/p>\n<\/div>\n\n\n\n<div class=\"wp-block-column is-layout-flow wp-block-column-is-layout-flow\">\n<h2 class=\"wp-block-heading\">Valores<\/h2>\n\n\n\n<p>Responsabilidad<\/p>\n\n\n\n<p>Compromiso<\/p>\n\n\n\n<p>Transparencia<\/p>\n<\/div>\n<\/div>\n<\/div><\/div>\n","protected":false},"excerpt":{"rendered":"<p>Siempre listos Somos unas empresa paraguaya integrada por personas con vasta trayectoria en el mundo de servicios tecnol\u00f3gicos. Brindamos servicios de innovaci\u00f3n tecnol\u00f3gica. Lo hacemos mediante la integraci\u00f3n de profesionales alineados sobre nuestra filosof\u00eda de trabajo de calidad. Gestionamos los proyectos, dise\u00f1amos los procesos y facilitamos las herramientas tecnol\u00f3gicas necesarias para que el cliente cumpla &hellip;<\/p>\n<p class=\"read-more\"> <a class=\"\" href=\"https:\/\/allowit.com.py\/index.php\/about\/\"> <span class=\"screen-reader-text\">About<\/span> Leer m\u00e1s &raquo;<\/a><\/p>\n","protected":false},"author":1,"featured_media":0,"parent":0,"menu_order":0,"comment_status":"closed","ping_status":"closed","template":"","meta":{"footnotes":""},"class_list":["post-218","page","type-page","status-publish","hentry"],"_links":{"self":[{"href":"https:\/\/allowit.com.py\/index.php\/wp-json\/wp\/v2\/pages\/218","targetHints":{"allow":["GET"]}}],"collection":[{"href":"https:\/\/allowit.com.py\/index.php\/wp-json\/wp\/v2\/pages"}],"about":[{"href":"https:\/\/allowit.com.py\/index.php\/wp-json\/wp\/v2\/types\/page"}],"author":[{"embeddable":true,"href":"https:\/\/allowit.com.py\/index.php\/wp-json\/wp\/v2\/users\/1"}],"replies":[{"embeddable":true,"href":"https:\/\/allowit.com.py\/index.php\/wp-json\/wp\/v2\/comments?post=218"}],"version-history":[{"count":7,"href":"https:\/\/allowit.com.py\/index.php\/wp-json\/wp\/v2\/pages\/218\/revisions"}],"predecessor-version":[{"id":704,"href":"https:\/\/allowit.com.py\/index.php\/wp-json\/wp\/v2\/pages\/218\/revisions\/704"}],"wp:attachment":[{"href":"https:\/\/allowit.com.py\/index.php\/wp-json\/wp\/v2\/media?parent=218"}],"curies":[{"name":"wp","href":"https:\/\/api.w.org\/{rel}","templated":true}]}}