{"id":219,"date":"2020-05-12T03:43:04","date_gmt":"2020-05-12T03:43:04","guid":{"rendered":"https:\/\/allowit.com.py\/index.php\/services\/"},"modified":"2021-10-13T15:16:20","modified_gmt":"2021-10-13T15:16:20","slug":"services","status":"publish","type":"page","link":"https:\/\/allowit.com.py\/index.php\/services\/","title":{"rendered":"Services"},"content":{"rendered":"\n<div class=\"wp-block-cover alignfull has-background-dim-70 has-background-dim has-parallax has-background-gradient\" style=\"background-image:url(https:\/\/allowit.com.py\/wp-content\/uploads\/2021\/08\/circuit-board-computer-processor-6524946.jpg);min-height:380px;aspect-ratio:unset;\"><span aria-hidden=\"true\" class=\"wp-block-cover__gradient-background\" style=\"background:linear-gradient(135deg,rgb(26,163,28) 58%,rgb(255,255,255) 100%)\"><\/span><div class=\"wp-block-cover__inner-container is-layout-flow wp-block-cover-is-layout-flow\">\n<h1 class=\"has-text-align-center has-white-color has-text-color wp-block-heading\">Servicios<\/h1>\n<\/div><\/div>\n\n\n\n<div class=\"wp-block-group alignfull has-white-background-color has-background\"><div class=\"wp-block-group__inner-container is-layout-flow wp-block-group-is-layout-flow\">\n<div class=\"wp-block-media-text alignwide has-media-on-the-right is-stacked-on-mobile\"><figure class=\"wp-block-media-text__media\"><img loading=\"lazy\" decoding=\"async\" width=\"1024\" height=\"829\" src=\"https:\/\/allowit.com.py\/wp-content\/uploads\/2021\/08\/team-spirit-teamwork-community-2447163-1024x829.jpg\" alt=\"team spirit, teamwork, community-2447163.jpg\" class=\"wp-image-565 size-full\" srcset=\"https:\/\/allowit.com.py\/wp-content\/uploads\/2021\/08\/team-spirit-teamwork-community-2447163-1024x829.jpg 1024w, https:\/\/allowit.com.py\/wp-content\/uploads\/2021\/08\/team-spirit-teamwork-community-2447163-300x243.jpg 300w, https:\/\/allowit.com.py\/wp-content\/uploads\/2021\/08\/team-spirit-teamwork-community-2447163-768x622.jpg 768w, https:\/\/allowit.com.py\/wp-content\/uploads\/2021\/08\/team-spirit-teamwork-community-2447163.jpg 1280w\" sizes=\"auto, (max-width: 1024px) 100vw, 1024px\" \/><\/figure><div class=\"wp-block-media-text__content\">\n<h2 class=\"wp-block-heading\">Conexiones Humanas<\/h2>\n\n\n\n<p>Establecemos contactos cercanos con personas que desean iniciar en el mundo laboral y con aquellos que buscan ampliar sus opciones, los capacitamos y facilitamos las posibilidades de encontrar espacios donde crecer <\/p>\n\n\n\n<p>Inserci\u00f3n Laboral<\/p>\n\n\n\n<p>Profesionales TI<\/p>\n\n\n\n<p>Capacitaciones <\/p>\n\n\n\n<p>Laboratorios<\/p>\n\n\n\n<div class=\"wp-block-buttons is-layout-flex wp-block-buttons-is-layout-flex\">\n<div class=\"wp-block-button\"><a class=\"wp-block-button__link has-white-color has-black-background-color has-text-color has-background\" rel=\"#\">Contacto<\/a><\/div>\n<\/div>\n<\/div><\/div>\n<\/div><\/div>\n\n\n\n<div class=\"wp-block-group alignfull has-white-background-color has-background\"><div class=\"wp-block-group__inner-container is-layout-flow wp-block-group-is-layout-flow\">\n<div class=\"wp-block-media-text alignwide is-stacked-on-mobile\" style=\"grid-template-columns:51% auto\"><figure class=\"wp-block-media-text__media\"><img loading=\"lazy\" decoding=\"async\" width=\"1024\" height=\"617\" src=\"https:\/\/allowit.com.py\/wp-content\/uploads\/2021\/08\/work-office-team-5382501-1024x617.jpg\" alt=\"work, office, team-5382501.jpg\" class=\"wp-image-566 size-full\" srcset=\"https:\/\/allowit.com.py\/wp-content\/uploads\/2021\/08\/work-office-team-5382501-1024x617.jpg 1024w, https:\/\/allowit.com.py\/wp-content\/uploads\/2021\/08\/work-office-team-5382501-300x181.jpg 300w, https:\/\/allowit.com.py\/wp-content\/uploads\/2021\/08\/work-office-team-5382501-768x463.jpg 768w, https:\/\/allowit.com.py\/wp-content\/uploads\/2021\/08\/work-office-team-5382501.jpg 1280w\" sizes=\"auto, (max-width: 1024px) 100vw, 1024px\" \/><\/figure><div class=\"wp-block-media-text__content\">\n<h2 class=\"wp-block-heading\">Gesti\u00f3n<\/h2>\n\n\n\n<p>Ayudamos a las empresas a establecer y ejecutar las mejores pr\u00e1cticas del mundo TI bajo est\u00e1ndares internacionales. Facilitamos los recursos humanos y tecnol\u00f3gicos para el desarrollo de los proyectos que ayudan al negocio.<\/p>\n\n\n\n<p>Dise\u00f1o de procesos<\/p>\n\n\n\n<p>Documentaciones<\/p>\n\n\n\n<p>Dise\u00f1o de proyectos<\/p>\n\n\n\n<p>Gesti\u00f3n de proyectos<\/p>\n\n\n\n<p>Alianzas B2B<\/p>\n\n\n\n<div class=\"wp-block-buttons is-layout-flex wp-block-buttons-is-layout-flex\">\n<div class=\"wp-block-button\"><a class=\"wp-block-button__link has-white-color has-black-background-color has-text-color has-background\" rel=\"#\">Contacto<\/a><\/div>\n<\/div>\n<\/div><\/div>\n<\/div><\/div>\n\n\n\n<div class=\"wp-block-group alignfull has-white-background-color has-background\"><div class=\"wp-block-group__inner-container is-layout-flow wp-block-group-is-layout-flow\">\n<div class=\"wp-block-media-text alignwide has-media-on-the-right is-stacked-on-mobile\"><figure class=\"wp-block-media-text__media\"><img loading=\"lazy\" decoding=\"async\" width=\"1024\" height=\"682\" src=\"https:\/\/allowit.com.py\/wp-content\/uploads\/2021\/08\/cellphone-technology-connection-6497322-1024x682.jpg\" alt=\"cellphone, technology, connection-6497322.jpg\" class=\"wp-image-562 size-full\" srcset=\"https:\/\/allowit.com.py\/wp-content\/uploads\/2021\/08\/cellphone-technology-connection-6497322-1024x682.jpg 1024w, https:\/\/allowit.com.py\/wp-content\/uploads\/2021\/08\/cellphone-technology-connection-6497322-300x200.jpg 300w, https:\/\/allowit.com.py\/wp-content\/uploads\/2021\/08\/cellphone-technology-connection-6497322-768x512.jpg 768w, https:\/\/allowit.com.py\/wp-content\/uploads\/2021\/08\/cellphone-technology-connection-6497322.jpg 1280w\" sizes=\"auto, (max-width: 1024px) 100vw, 1024px\" \/><\/figure><div class=\"wp-block-media-text__content\">\n<h2 class=\"wp-block-heading\">Servicio t\u00e9cnico<\/h2>\n\n\n\n<p>Tus proyectos requieren de t\u00e9cnicos de distintos niveles y especialidades, para distintas ocasiones, pudiendo ser temporales o permanentes, tanto de manera remota como en sitio. Te facilitamos las opciones que se adapten a tu necesidad actual o con miras al futuro.<\/p>\n\n\n\n<p>Helpdesk In situ\/remoto<\/p>\n\n\n\n<p>Outsourcing<\/p>\n\n\n\n<p>Monitoreo remoto<\/p>\n\n\n\n<p>Servicios profesionales<\/p>\n\n\n\n<p>Infraestructura<\/p>\n\n\n\n<div class=\"wp-block-buttons is-layout-flex wp-block-buttons-is-layout-flex\">\n<div class=\"wp-block-button\"><a class=\"wp-block-button__link has-white-color has-black-background-color has-text-color has-background\" rel=\"#\">Contacto<\/a><\/div>\n<\/div>\n<\/div><\/div>\n<\/div><\/div>\n\n\n\n<div class=\"wp-block-group alignfull has-background\" style=\"background-color:#f3f8f9\"><div class=\"wp-block-group__inner-container is-layout-flow wp-block-group-is-layout-flow\">\n<h2 class=\"has-text-align-center wp-block-heading\">Preguntas frecuentes<\/h2>\n\n\n\n<p class=\"has-text-align-center\"><\/p>\n\n\n\n<p><\/p>\n\n\n\n<div class=\"wp-block-columns is-layout-flex wp-container-core-columns-is-layout-9d6595d7 wp-block-columns-is-layout-flex\">\n<div class=\"wp-block-column is-layout-flow wp-block-column-is-layout-flow\">\n<h4 class=\"has-text-align-left wp-block-heading\">Que gestionan?<\/h4>\n\n\n\n<p class=\"has-text-align-left\">gestionamos la forma de trabajar de las distintas areas de TI<\/p>\n\n\n\n<h4 class=\"has-text-align-left wp-block-heading\">Bajo que normas gestionan?<\/h4>\n\n\n\n<p class=\"has-text-align-left\">Para todo el flujo de trabajo TI nos basamos sobre las pr\u00e1cticas ITIL v4,  y segun la complejidad bajo las pr\u00e1cticas del PMI o  Scrum<\/p>\n\n\n\n<h4 class=\"has-text-align-left wp-block-heading\"><\/h4>\n<\/div>\n\n\n\n<div class=\"wp-block-column is-layout-flow wp-block-column-is-layout-flow\">\n<h4 class=\"has-text-align-left wp-block-heading\">bajo que modalidad ofrecen helpdesk?<\/h4>\n\n\n\n<p class=\"has-text-align-left\">Ofrecemos tanto de manera in situ como remoto, pudiendo contratar tanto por horas de servicio bajo demanda o  con horarios de servicios fijos <\/p>\n\n\n\n<h4 class=\"has-text-align-left wp-block-heading\">con que marcas de equipos trabajan?<\/h4>\n\n\n\n<p class=\"has-text-align-left\">Nuestra filosofia es entender la necesidad del cliente y proponer la mejor opci\u00f3n, para ello trabajamos con todas las marcas lideres para cada rubro y ajustadas a esa necesidad, por lo tanto no estamos atados a ninguna marca en particular.<\/p>\n<\/div>\n<\/div>\n<\/div><\/div>\n","protected":false},"excerpt":{"rendered":"<p>Conexiones Humanas Establecemos contactos cercanos con personas que desean iniciar en el mundo laboral y con aquellos que buscan ampliar sus opciones, los capacitamos y facilitamos las posibilidades de encontrar espacios donde crecer Inserci\u00f3n Laboral Profesionales TI Capacitaciones Laboratorios Gesti\u00f3n Ayudamos a las empresas a establecer y ejecutar las mejores pr\u00e1cticas del mundo TI bajo &hellip;<\/p>\n<p class=\"read-more\"> <a class=\"\" href=\"https:\/\/allowit.com.py\/index.php\/services\/\"> <span class=\"screen-reader-text\">Services<\/span> Leer m\u00e1s &raquo;<\/a><\/p>\n","protected":false},"author":1,"featured_media":0,"parent":0,"menu_order":0,"comment_status":"closed","ping_status":"closed","template":"","meta":{"footnotes":""},"class_list":["post-219","page","type-page","status-publish","hentry"],"_links":{"self":[{"href":"https:\/\/allowit.com.py\/index.php\/wp-json\/wp\/v2\/pages\/219","targetHints":{"allow":["GET"]}}],"collection":[{"href":"https:\/\/allowit.com.py\/index.php\/wp-json\/wp\/v2\/pages"}],"about":[{"href":"https:\/\/allowit.com.py\/index.php\/wp-json\/wp\/v2\/types\/page"}],"author":[{"embeddable":true,"href":"https:\/\/allowit.com.py\/index.php\/wp-json\/wp\/v2\/users\/1"}],"replies":[{"embeddable":true,"href":"https:\/\/allowit.com.py\/index.php\/wp-json\/wp\/v2\/comments?post=219"}],"version-history":[{"count":14,"href":"https:\/\/allowit.com.py\/index.php\/wp-json\/wp\/v2\/pages\/219\/revisions"}],"predecessor-version":[{"id":701,"href":"https:\/\/allowit.com.py\/index.php\/wp-json\/wp\/v2\/pages\/219\/revisions\/701"}],"wp:attachment":[{"href":"https:\/\/allowit.com.py\/index.php\/wp-json\/wp\/v2\/media?parent=219"}],"curies":[{"name":"wp","href":"https:\/\/api.w.org\/{rel}","templated":true}]}}